{"id":15738,"date":"2025-02-11T15:52:03","date_gmt":"2025-02-11T14:52:03","guid":{"rendered":"https:\/\/ghelgheli.com\/?post_type=product&#038;p=15738"},"modified":"2025-04-17T23:32:57","modified_gmt":"2025-04-17T21:32:57","slug":"15738","status":"publish","type":"product","link":"https:\/\/ghelgheli.com\/?product=15738","title":{"rendered":"Handcrafted carpet tablecloth"},"content":{"rendered":"<h4>Handgefertigter runder Wollteppich \u2013 Florales Design mit wei\u00dfem Fransenrand (ca. 32 cm)<\/h4>\n<h4>Dieser wundersch\u00f6ne, handgefertigte runde Wollteppich ist ein echtes Kunstwerk. Mit seinem floralen Muster in satten Rot-, Blau-, Rosa- und Beiget\u00f6nen bringt er einen Hauch von Eleganz und Tradition in jeden Raum. Der wei\u00dfe Fransenrand verleiht dem St\u00fcck eine dekorative Leichtigkeit \u2013 ideal f\u00fcr Tische, Kommoden oder stilvolle Wohnakzente. Perfekt f\u00fcr Liebhaber von Handwerkskunst und zeitloser \u00c4sthetik.<\/h4>\n<h4>Durchmesser: ca. 32 cm<\/h4>\n<h4>Material: 100 % Wolle<\/h4>\n<h4>Handgefertigt \u2013 Unikat<\/h4>\n<h4>Traditionelles Blumenmuster<\/h4>\n","protected":false},"excerpt":{"rendered":"<p>Handgefertigter runder Wollteppich \u2013 Florales Design mit wei\u00dfem Fransenrand (ca. 32 cm) Dieser wundersch\u00f6ne, handgefertigte runde Wollteppich ist ein echtes<\/p>\n","protected":false},"featured_media":15942,"comment_status":"open","ping_status":"closed","template":"","meta":[],"product_cat":[77],"product_tag":[],"class_list":{"0":"post-15738","1":"product","2":"type-product","3":"status-publish","4":"has-post-thumbnail","6":"product_cat-carpet","8":"first","9":"instock","10":"shipping-taxable","11":"purchasable","12":"product-type-simple"},"_links":{"self":[{"href":"https:\/\/ghelgheli.com\/index.php?rest_route=\/wp\/v2\/product\/15738","targetHints":{"allow":["GET"]}}],"collection":[{"href":"https:\/\/ghelgheli.com\/index.php?rest_route=\/wp\/v2\/product"}],"about":[{"href":"https:\/\/ghelgheli.com\/index.php?rest_route=\/wp\/v2\/types\/product"}],"replies":[{"embeddable":true,"href":"https:\/\/ghelgheli.com\/index.php?rest_route=%2Fwp%2Fv2%2Fcomments&post=15738"}],"version-history":[{"count":4,"href":"https:\/\/ghelgheli.com\/index.php?rest_route=\/wp\/v2\/product\/15738\/revisions"}],"predecessor-version":[{"id":16011,"href":"https:\/\/ghelgheli.com\/index.php?rest_route=\/wp\/v2\/product\/15738\/revisions\/16011"}],"wp:featuredmedia":[{"embeddable":true,"href":"https:\/\/ghelgheli.com\/index.php?rest_route=\/wp\/v2\/media\/15942"}],"wp:attachment":[{"href":"https:\/\/ghelgheli.com\/index.php?rest_route=%2Fwp%2Fv2%2Fmedia&parent=15738"}],"wp:term":[{"taxonomy":"product_cat","embeddable":true,"href":"https:\/\/ghelgheli.com\/index.php?rest_route=%2Fwp%2Fv2%2Fproduct_cat&post=15738"},{"taxonomy":"product_tag","embeddable":true,"href":"https:\/\/ghelgheli.com\/index.php?rest_route=%2Fwp%2Fv2%2Fproduct_tag&post=15738"}],"curies":[{"name":"wp","href":"https:\/\/api.w.org\/{rel}","templated":true}]}}