{"id":15754,"date":"2025-02-11T17:12:42","date_gmt":"2025-02-11T16:12:42","guid":{"rendered":"https:\/\/ghelgheli.com\/?post_type=product&#038;p=15754"},"modified":"2025-04-27T23:55:00","modified_gmt":"2025-04-27T21:55:00","slug":"handcrafted-carpet-tablecloth-4","status":"publish","type":"product","link":"https:\/\/ghelgheli.com\/?product=handcrafted-carpet-tablecloth-4","title":{"rendered":"Handcrafted carpet tablecloth"},"content":{"rendered":"<h4>Handgefertigter ovaler Wollteppich \u2013 Roter Tischl\u00e4ufer mit traditionellem Blumenmuster<br \/>\nSetzen Sie ein lebendiges Highlight mit diesem handgefertigten Wollteppich, der als dekorativer Tischl\u00e4ufer verwendet wird. Der kr\u00e4ftige rote Hintergrund kombiniert mit detailreichen Blumenmustern verleiht Ihrem Esstisch oder Wohnbereich W\u00e4rme, Charakter und klassischen Stil. Aus hochwertiger Wolle gefertigt und mit dekorativen Fransen versehen, ist jedes St\u00fcck ein Unikat.<br \/>\nMa\u00dfe: ca. 30\u00d770 cm<br \/>\nMaterial: 100 % Wolle<br \/>\nForm: Oval<br \/>\nHandgefertigt \u2013 Einzelst\u00fcck<br \/>\nRote Grundfarbe mit floralen Mustern und Fransen<\/h4>\n","protected":false},"excerpt":{"rendered":"<p>Handgefertigter ovaler Wollteppich \u2013 Roter Tischl\u00e4ufer mit traditionellem Blumenmuster Setzen Sie ein lebendiges Highlight mit diesem handgefertigten Wollteppich, der als<\/p>\n","protected":false},"featured_media":16031,"comment_status":"open","ping_status":"closed","template":"","meta":[],"product_cat":[77],"product_tag":[],"class_list":{"0":"post-15754","1":"product","2":"type-product","3":"status-publish","4":"has-post-thumbnail","6":"product_cat-carpet","8":"first","9":"instock","10":"shipping-taxable","11":"purchasable","12":"product-type-simple"},"_links":{"self":[{"href":"https:\/\/ghelgheli.com\/index.php?rest_route=\/wp\/v2\/product\/15754","targetHints":{"allow":["GET"]}}],"collection":[{"href":"https:\/\/ghelgheli.com\/index.php?rest_route=\/wp\/v2\/product"}],"about":[{"href":"https:\/\/ghelgheli.com\/index.php?rest_route=\/wp\/v2\/types\/product"}],"replies":[{"embeddable":true,"href":"https:\/\/ghelgheli.com\/index.php?rest_route=%2Fwp%2Fv2%2Fcomments&post=15754"}],"version-history":[{"count":3,"href":"https:\/\/ghelgheli.com\/index.php?rest_route=\/wp\/v2\/product\/15754\/revisions"}],"predecessor-version":[{"id":16040,"href":"https:\/\/ghelgheli.com\/index.php?rest_route=\/wp\/v2\/product\/15754\/revisions\/16040"}],"wp:featuredmedia":[{"embeddable":true,"href":"https:\/\/ghelgheli.com\/index.php?rest_route=\/wp\/v2\/media\/16031"}],"wp:attachment":[{"href":"https:\/\/ghelgheli.com\/index.php?rest_route=%2Fwp%2Fv2%2Fmedia&parent=15754"}],"wp:term":[{"taxonomy":"product_cat","embeddable":true,"href":"https:\/\/ghelgheli.com\/index.php?rest_route=%2Fwp%2Fv2%2Fproduct_cat&post=15754"},{"taxonomy":"product_tag","embeddable":true,"href":"https:\/\/ghelgheli.com\/index.php?rest_route=%2Fwp%2Fv2%2Fproduct_tag&post=15754"}],"curies":[{"name":"wp","href":"https:\/\/api.w.org\/{rel}","templated":true}]}}