{"id":15790,"date":"2025-02-11T22:15:47","date_gmt":"2025-02-11T21:15:47","guid":{"rendered":"https:\/\/ghelgheli.com\/?post_type=product&#038;p=15790"},"modified":"2025-04-16T21:36:42","modified_gmt":"2025-04-16T19:36:42","slug":"oil-paint-2","status":"publish","type":"product","link":"https:\/\/ghelgheli.com\/?product=oil-paint-2","title":{"rendered":"Oil paint"},"content":{"rendered":"<h4>Wurzeln und Farben ist ein Mixed-Media-\u00d6lgem\u00e4lde im Format 70 \u00d7 100 cm, das Materialien wie Stoff, Federn und Perlen mit klassischer \u00d6lmalerei kombiniert.<\/h4>\n<h4>Im Zentrum steht das graut\u00f6nige Portr\u00e4t einer Frau \u2013 ruhig, kraftvoll, klar. Doch ihre Kleidung erz\u00e4hlt eine andere Geschichte:<\/h4>\n<h4>Eine Geschichte von Herkunft, Kultur und lebendiger Vielfalt.<\/h4>\n<h4>Die farbenfrohen Details, die ethnisch inspirierten Muster und die echten Materialien symbolisieren Tradition, Stolz und Identit\u00e4t \u2013 eingebettet in einen zeitgen\u00f6ssischen Ausdruck.<\/h4>\n<h4>Farbpalette:<\/h4>\n<h4>Rot, Rosa, Schwarz, Gelb, Gr\u00fcn, Violett, Grau<\/h4>\n<h4>Botschaft des Werks:<\/h4>\n<h4>Wurzeln und Farben zeigt eine Frau zwischen Geschichte und Gegenwart \u2013 ihre Stimme ist nicht laut, aber ihre Farben sprechen f\u00fcr sich.<\/h4>\n","protected":false},"excerpt":{"rendered":"<p>Wurzeln und Farben ist ein Mixed-Media-\u00d6lgem\u00e4lde im Format 70 \u00d7 100 cm, das Materialien wie Stoff, Federn und Perlen mit<\/p>\n","protected":false},"featured_media":15896,"comment_status":"open","ping_status":"closed","template":"","meta":[],"product_cat":[74],"product_tag":[],"class_list":{"0":"post-15790","1":"product","2":"type-product","3":"status-publish","4":"has-post-thumbnail","6":"product_cat-painting","8":"first","9":"instock","10":"shipping-taxable","11":"purchasable","12":"product-type-simple"},"_links":{"self":[{"href":"https:\/\/ghelgheli.com\/index.php?rest_route=\/wp\/v2\/product\/15790","targetHints":{"allow":["GET"]}}],"collection":[{"href":"https:\/\/ghelgheli.com\/index.php?rest_route=\/wp\/v2\/product"}],"about":[{"href":"https:\/\/ghelgheli.com\/index.php?rest_route=\/wp\/v2\/types\/product"}],"replies":[{"embeddable":true,"href":"https:\/\/ghelgheli.com\/index.php?rest_route=%2Fwp%2Fv2%2Fcomments&post=15790"}],"version-history":[{"count":4,"href":"https:\/\/ghelgheli.com\/index.php?rest_route=\/wp\/v2\/product\/15790\/revisions"}],"predecessor-version":[{"id":15989,"href":"https:\/\/ghelgheli.com\/index.php?rest_route=\/wp\/v2\/product\/15790\/revisions\/15989"}],"wp:featuredmedia":[{"embeddable":true,"href":"https:\/\/ghelgheli.com\/index.php?rest_route=\/wp\/v2\/media\/15896"}],"wp:attachment":[{"href":"https:\/\/ghelgheli.com\/index.php?rest_route=%2Fwp%2Fv2%2Fmedia&parent=15790"}],"wp:term":[{"taxonomy":"product_cat","embeddable":true,"href":"https:\/\/ghelgheli.com\/index.php?rest_route=%2Fwp%2Fv2%2Fproduct_cat&post=15790"},{"taxonomy":"product_tag","embeddable":true,"href":"https:\/\/ghelgheli.com\/index.php?rest_route=%2Fwp%2Fv2%2Fproduct_tag&post=15790"}],"curies":[{"name":"wp","href":"https:\/\/api.w.org\/{rel}","templated":true}]}}