{"id":16002,"date":"2025-04-16T22:58:38","date_gmt":"2025-04-16T20:58:38","guid":{"rendered":"https:\/\/ghelgheli.com\/?post_type=product&#038;p=16002"},"modified":"2025-04-16T23:00:03","modified_gmt":"2025-04-16T21:00:03","slug":"oil-paint-16","status":"publish","type":"product","link":"https:\/\/ghelgheli.com\/?product=oil-paint-16","title":{"rendered":"Oil paint"},"content":{"rendered":"<h4>Ohne Best\u00e4tigung ist ein \u00d6lgem\u00e4lde auf Leinwand, Format 80 \u00d7 80 cm, das Selbstbestimmung, Stolz und eine pers\u00f6nliche Definition von Identit\u00e4t ausstrahlt.<\/h4>\n<h4>Eine Frau mit dunkler Haut, violetten Lippen, \u00fcbergro\u00dfer Brille und einem kunstvoll beschrifteten Tuch schaut in die Ferne \u2013 nicht, um gesehen oder best\u00e4tigt zu werden, sondern weil sie wei\u00df, wer sie ist und wohin sie geht.<\/h4>\n<h4>Ihr Haar wirkt wie eine lebendige Galaxie im dunklen Hintergrund. Symbole der Weiblichkeit h\u00e4ngen an ihrer Kette \u2013 still, aber bestimmt.<\/h4>\n<h4>Farbpalette:<\/h4>\n<h4>Schwarz, Petrolblau, Flieder, Mattwei\u00df, weiches Gold, Zartrosa<\/h4>\n<h4>Botschaft des Werks:<\/h4>\n<h4>Ohne Best\u00e4tigung zeigt eine Frau, die sich selbst gen\u00fcgt. Ihre Kraft kommt nicht von au\u00dfen \u2013 sondern von innen, aus einer klaren, gew\u00e4hlten Wahrheit.<\/h4>\n","protected":false},"excerpt":{"rendered":"<p>Ohne Best\u00e4tigung ist ein \u00d6lgem\u00e4lde auf Leinwand, Format 80 \u00d7 80 cm, das Selbstbestimmung, Stolz und eine pers\u00f6nliche Definition von<\/p>\n","protected":false},"featured_media":15909,"comment_status":"open","ping_status":"closed","template":"","meta":[],"product_cat":[74],"product_tag":[],"class_list":{"0":"post-16002","1":"product","2":"type-product","3":"status-publish","4":"has-post-thumbnail","6":"product_cat-painting","8":"first","9":"instock","10":"shipping-taxable","11":"purchasable","12":"product-type-simple"},"_links":{"self":[{"href":"https:\/\/ghelgheli.com\/index.php?rest_route=\/wp\/v2\/product\/16002","targetHints":{"allow":["GET"]}}],"collection":[{"href":"https:\/\/ghelgheli.com\/index.php?rest_route=\/wp\/v2\/product"}],"about":[{"href":"https:\/\/ghelgheli.com\/index.php?rest_route=\/wp\/v2\/types\/product"}],"replies":[{"embeddable":true,"href":"https:\/\/ghelgheli.com\/index.php?rest_route=%2Fwp%2Fv2%2Fcomments&post=16002"}],"version-history":[{"count":1,"href":"https:\/\/ghelgheli.com\/index.php?rest_route=\/wp\/v2\/product\/16002\/revisions"}],"predecessor-version":[{"id":16003,"href":"https:\/\/ghelgheli.com\/index.php?rest_route=\/wp\/v2\/product\/16002\/revisions\/16003"}],"wp:featuredmedia":[{"embeddable":true,"href":"https:\/\/ghelgheli.com\/index.php?rest_route=\/wp\/v2\/media\/15909"}],"wp:attachment":[{"href":"https:\/\/ghelgheli.com\/index.php?rest_route=%2Fwp%2Fv2%2Fmedia&parent=16002"}],"wp:term":[{"taxonomy":"product_cat","embeddable":true,"href":"https:\/\/ghelgheli.com\/index.php?rest_route=%2Fwp%2Fv2%2Fproduct_cat&post=16002"},{"taxonomy":"product_tag","embeddable":true,"href":"https:\/\/ghelgheli.com\/index.php?rest_route=%2Fwp%2Fv2%2Fproduct_tag&post=16002"}],"curies":[{"name":"wp","href":"https:\/\/api.w.org\/{rel}","templated":true}]}}