{"id":16005,"date":"2025-04-17T17:50:06","date_gmt":"2025-04-17T15:50:06","guid":{"rendered":"https:\/\/ghelgheli.com\/?post_type=product&#038;p=16005"},"modified":"2025-04-27T23:51:53","modified_gmt":"2025-04-27T21:51:53","slug":"carpet","status":"publish","type":"product","link":"https:\/\/ghelgheli.com\/?product=carpet","title":{"rendered":"Carpet"},"content":{"rendered":"<h4>Handgefertigte Wollteppich-Tischdecke \u2013 Oval, Traditionelles Design<br \/>\nVerleihen Sie Ihrem Zuhause einen Hauch von Authentizit\u00e4t und Stil mit diesem einzigartigen handgekn\u00fcpften Teppich, der kreativ als Tischdecke verwendet wird. Aus hochwertiger Wolle gefertigt und mit klassischen floralen und geometrischen Mustern in Creme-, Blau- und Dunkelblaut\u00f6nen verziert, ist dieses ovale St\u00fcck ein echtes Kunstwerk. Die dekorativen Fransen an den Enden unterstreichen das traditionelle Flair. Perfekt f\u00fcr Esstische, Teetische oder als stilvolles Deko-Element im Wohn- oder Arbeitsbereich. Jedes St\u00fcck ist ein Unikat und verk\u00f6rpert traditionelle Handwerkskunst.<br \/>\nMa\u00dfe: ca. 30\u00d770 cm<br \/>\nMaterial: 100 % Wolle<br \/>\nForm: Oval<br \/>\nHandgefertigt \u2013 Einzelst\u00fcck<br \/>\nMit dekorativen Fransen<\/h4>\n","protected":false},"excerpt":{"rendered":"<p>Handgefertigte Wollteppich-Tischdecke \u2013 Oval, Traditionelles Design Verleihen Sie Ihrem Zuhause einen Hauch von Authentizit\u00e4t und Stil mit diesem einzigartigen handgekn\u00fcpften<\/p>\n","protected":false},"featured_media":15944,"comment_status":"open","ping_status":"closed","template":"","meta":[],"product_cat":[77],"product_tag":[],"class_list":{"0":"post-16005","1":"product","2":"type-product","3":"status-publish","4":"has-post-thumbnail","6":"product_cat-carpet","8":"first","9":"instock","10":"shipping-taxable","11":"purchasable","12":"product-type-simple"},"_links":{"self":[{"href":"https:\/\/ghelgheli.com\/index.php?rest_route=\/wp\/v2\/product\/16005","targetHints":{"allow":["GET"]}}],"collection":[{"href":"https:\/\/ghelgheli.com\/index.php?rest_route=\/wp\/v2\/product"}],"about":[{"href":"https:\/\/ghelgheli.com\/index.php?rest_route=\/wp\/v2\/types\/product"}],"replies":[{"embeddable":true,"href":"https:\/\/ghelgheli.com\/index.php?rest_route=%2Fwp%2Fv2%2Fcomments&post=16005"}],"version-history":[{"count":3,"href":"https:\/\/ghelgheli.com\/index.php?rest_route=\/wp\/v2\/product\/16005\/revisions"}],"predecessor-version":[{"id":16039,"href":"https:\/\/ghelgheli.com\/index.php?rest_route=\/wp\/v2\/product\/16005\/revisions\/16039"}],"wp:featuredmedia":[{"embeddable":true,"href":"https:\/\/ghelgheli.com\/index.php?rest_route=\/wp\/v2\/media\/15944"}],"wp:attachment":[{"href":"https:\/\/ghelgheli.com\/index.php?rest_route=%2Fwp%2Fv2%2Fmedia&parent=16005"}],"wp:term":[{"taxonomy":"product_cat","embeddable":true,"href":"https:\/\/ghelgheli.com\/index.php?rest_route=%2Fwp%2Fv2%2Fproduct_cat&post=16005"},{"taxonomy":"product_tag","embeddable":true,"href":"https:\/\/ghelgheli.com\/index.php?rest_route=%2Fwp%2Fv2%2Fproduct_tag&post=16005"}],"curies":[{"name":"wp","href":"https:\/\/api.w.org\/{rel}","templated":true}]}}