{"id":16042,"date":"2025-04-28T00:11:35","date_gmt":"2025-04-27T22:11:35","guid":{"rendered":"https:\/\/ghelgheli.com\/?post_type=product&#038;p=16042"},"modified":"2025-04-28T00:28:06","modified_gmt":"2025-04-27T22:28:06","slug":"16042","status":"publish","type":"product","link":"https:\/\/ghelgheli.com\/?product=16042","title":{"rendered":"Armband aus echtem Leder mit T\u00fcrkisstein"},"content":{"rendered":"<h4>Dieses besondere Armband besteht aus echtem schwarzem Leder und ist mit wundersch\u00f6nen T\u00fcrkissteinen verziert. T\u00fcrkis ist einer der \u00e4ltesten und wertvollsten Edelsteine der Welt und gilt als Symbol f\u00fcr Frieden, Gl\u00fcck und Schutz. Seine lebendige blaue Energie soll die Stimmung heben, die Freude steigern und ein Gef\u00fchl der Ausgeglichenheit f\u00f6rdern. Die eindrucksvolle Kombination aus nat\u00fcrlichem Leder und lebhaftem T\u00fcrkis macht dieses Armband zur perfekten Wahl f\u00fcr alle, die Sch\u00f6nheit mit positiver Energie und einem besonderen Stil suchen.<\/h4>\n","protected":false},"excerpt":{"rendered":"<p>Dieses besondere Armband besteht aus echtem schwarzem Leder und ist mit wundersch\u00f6nen T\u00fcrkissteinen verziert. T\u00fcrkis ist einer der \u00e4ltesten und<\/p>\n","protected":false},"featured_media":15927,"comment_status":"open","ping_status":"closed","template":"","meta":[],"product_cat":[75,76],"product_tag":[],"class_list":{"0":"post-16042","1":"product","2":"type-product","3":"status-publish","4":"has-post-thumbnail","6":"product_cat-leather","7":"product_cat-stone","9":"first","10":"instock","11":"shipping-taxable","12":"purchasable","13":"product-type-simple"},"_links":{"self":[{"href":"https:\/\/ghelgheli.com\/index.php?rest_route=\/wp\/v2\/product\/16042","targetHints":{"allow":["GET"]}}],"collection":[{"href":"https:\/\/ghelgheli.com\/index.php?rest_route=\/wp\/v2\/product"}],"about":[{"href":"https:\/\/ghelgheli.com\/index.php?rest_route=\/wp\/v2\/types\/product"}],"replies":[{"embeddable":true,"href":"https:\/\/ghelgheli.com\/index.php?rest_route=%2Fwp%2Fv2%2Fcomments&post=16042"}],"version-history":[{"count":3,"href":"https:\/\/ghelgheli.com\/index.php?rest_route=\/wp\/v2\/product\/16042\/revisions"}],"predecessor-version":[{"id":16047,"href":"https:\/\/ghelgheli.com\/index.php?rest_route=\/wp\/v2\/product\/16042\/revisions\/16047"}],"wp:featuredmedia":[{"embeddable":true,"href":"https:\/\/ghelgheli.com\/index.php?rest_route=\/wp\/v2\/media\/15927"}],"wp:attachment":[{"href":"https:\/\/ghelgheli.com\/index.php?rest_route=%2Fwp%2Fv2%2Fmedia&parent=16042"}],"wp:term":[{"taxonomy":"product_cat","embeddable":true,"href":"https:\/\/ghelgheli.com\/index.php?rest_route=%2Fwp%2Fv2%2Fproduct_cat&post=16042"},{"taxonomy":"product_tag","embeddable":true,"href":"https:\/\/ghelgheli.com\/index.php?rest_route=%2Fwp%2Fv2%2Fproduct_tag&post=16042"}],"curies":[{"name":"wp","href":"https:\/\/api.w.org\/{rel}","templated":true}]}}