{"id":16048,"date":"2025-04-28T00:32:21","date_gmt":"2025-04-27T22:32:21","guid":{"rendered":"https:\/\/ghelgheli.com\/?post_type=product&#038;p=16048"},"modified":"2025-04-28T00:40:13","modified_gmt":"2025-04-27T22:40:13","slug":"armband-aus-braunem-echtem-leder-mit-handgefertigter-patte-stickerei","status":"publish","type":"product","link":"https:\/\/ghelgheli.com\/?product=armband-aus-braunem-echtem-leder-mit-handgefertigter-patte-stickerei","title":{"rendered":"Armband aus braunem echtem Leder mit handgefertigter Patte-Stickerei"},"content":{"rendered":"<h4>Armband aus braunem echtem Leder mit handgefertigter Patte-Stickerei<\/h4>\n<h4>Dieses besondere Armband besteht aus braunem echtem Leder und ist mit feiner, handgefertigter Patte-Stickerei verziert. Das kunstvolle Muster wurde mit nat\u00fcrlich gef\u00e4rbten Garnen gestickt und verleiht dem Schmuckst\u00fcck eine warme, k\u00fcnstlerische Ausstrahlung. Die Kombination aus echtem Leder und traditioneller Handstickerei macht dieses Armband zur idealen Wahl f\u00fcr alle, die handgefertigte Kunstwerke, Authentizit\u00e4t und nat\u00fcrliche Sch\u00f6nheit sch\u00e4tzen.<\/h4>\n","protected":false},"excerpt":{"rendered":"<p>Armband aus braunem echtem Leder mit handgefertigter Patte-Stickerei Dieses besondere Armband besteht aus braunem echtem Leder und ist mit feiner,<\/p>\n","protected":false},"featured_media":16026,"comment_status":"open","ping_status":"closed","template":"","meta":[],"product_cat":[75],"product_tag":[],"class_list":{"0":"post-16048","1":"product","2":"type-product","3":"status-publish","4":"has-post-thumbnail","6":"product_cat-leather","8":"first","9":"instock","10":"shipping-taxable","11":"purchasable","12":"product-type-simple"},"_links":{"self":[{"href":"https:\/\/ghelgheli.com\/index.php?rest_route=\/wp\/v2\/product\/16048","targetHints":{"allow":["GET"]}}],"collection":[{"href":"https:\/\/ghelgheli.com\/index.php?rest_route=\/wp\/v2\/product"}],"about":[{"href":"https:\/\/ghelgheli.com\/index.php?rest_route=\/wp\/v2\/types\/product"}],"replies":[{"embeddable":true,"href":"https:\/\/ghelgheli.com\/index.php?rest_route=%2Fwp%2Fv2%2Fcomments&post=16048"}],"version-history":[{"count":1,"href":"https:\/\/ghelgheli.com\/index.php?rest_route=\/wp\/v2\/product\/16048\/revisions"}],"predecessor-version":[{"id":16049,"href":"https:\/\/ghelgheli.com\/index.php?rest_route=\/wp\/v2\/product\/16048\/revisions\/16049"}],"wp:featuredmedia":[{"embeddable":true,"href":"https:\/\/ghelgheli.com\/index.php?rest_route=\/wp\/v2\/media\/16026"}],"wp:attachment":[{"href":"https:\/\/ghelgheli.com\/index.php?rest_route=%2Fwp%2Fv2%2Fmedia&parent=16048"}],"wp:term":[{"taxonomy":"product_cat","embeddable":true,"href":"https:\/\/ghelgheli.com\/index.php?rest_route=%2Fwp%2Fv2%2Fproduct_cat&post=16048"},{"taxonomy":"product_tag","embeddable":true,"href":"https:\/\/ghelgheli.com\/index.php?rest_route=%2Fwp%2Fv2%2Fproduct_tag&post=16048"}],"curies":[{"name":"wp","href":"https:\/\/api.w.org\/{rel}","templated":true}]}}