{"id":16050,"date":"2025-04-28T00:41:15","date_gmt":"2025-04-27T22:41:15","guid":{"rendered":"https:\/\/ghelgheli.com\/?post_type=product&#038;p=16050"},"modified":"2025-11-11T23:11:39","modified_gmt":"2025-11-11T22:11:39","slug":"16050","status":"publish","type":"product","link":"https:\/\/ghelgheli.com\/?product=16050","title":{"rendered":"Kunstvolle Ohrringe mit Perlmutt"},"content":{"rendered":"<h4>Handgefertigte Ohrringe aus Messing mit handgezeichnetem und handbemaltem Vogelmotiv<\/h4>\n<h4>Diese besonderen Ohrringe bestehen aus Messing und wurden sorgf\u00e4ltig von Hand gestaltet und in einem wundersch\u00f6nen Blauton bemalt. Das feine Bild eines auf einem Ast sitzenden Vogels wurde kunstvoll auf den blauen Hintergrund gemalt und vermittelt ein Gef\u00fchl von Freiheit, Sanftheit und Naturverbundenheit. Ein schimmernder Perlmuttstein erg\u00e4nzt das Design und bringt nat\u00fcrliche Sch\u00f6nheit und kunstvolles Handwerk in perfekte Harmonie. Ideal f\u00fcr alle, die Schmuck mit Geschichte und k\u00fcnstlerischer Seele suchen.<\/h4>\n","protected":false},"excerpt":{"rendered":"<p>Handgefertigte Ohrringe aus Messing mit handgezeichnetem und handbemaltem Vogelmotiv Diese besonderen Ohrringe bestehen aus Messing und wurden sorgf\u00e4ltig von Hand<\/p>\n","protected":false},"featured_media":16054,"comment_status":"open","ping_status":"closed","template":"","meta":[],"product_cat":[76],"product_tag":[78],"class_list":{"0":"post-16050","1":"product","2":"type-product","3":"status-publish","4":"has-post-thumbnail","6":"product_cat-stone","7":"product_tag-soldout","9":"first","10":"instock","11":"shipping-taxable","12":"purchasable","13":"product-type-simple"},"_links":{"self":[{"href":"https:\/\/ghelgheli.com\/index.php?rest_route=\/wp\/v2\/product\/16050","targetHints":{"allow":["GET"]}}],"collection":[{"href":"https:\/\/ghelgheli.com\/index.php?rest_route=\/wp\/v2\/product"}],"about":[{"href":"https:\/\/ghelgheli.com\/index.php?rest_route=\/wp\/v2\/types\/product"}],"replies":[{"embeddable":true,"href":"https:\/\/ghelgheli.com\/index.php?rest_route=%2Fwp%2Fv2%2Fcomments&post=16050"}],"version-history":[{"count":3,"href":"https:\/\/ghelgheli.com\/index.php?rest_route=\/wp\/v2\/product\/16050\/revisions"}],"predecessor-version":[{"id":16056,"href":"https:\/\/ghelgheli.com\/index.php?rest_route=\/wp\/v2\/product\/16050\/revisions\/16056"}],"wp:featuredmedia":[{"embeddable":true,"href":"https:\/\/ghelgheli.com\/index.php?rest_route=\/wp\/v2\/media\/16054"}],"wp:attachment":[{"href":"https:\/\/ghelgheli.com\/index.php?rest_route=%2Fwp%2Fv2%2Fmedia&parent=16050"}],"wp:term":[{"taxonomy":"product_cat","embeddable":true,"href":"https:\/\/ghelgheli.com\/index.php?rest_route=%2Fwp%2Fv2%2Fproduct_cat&post=16050"},{"taxonomy":"product_tag","embeddable":true,"href":"https:\/\/ghelgheli.com\/index.php?rest_route=%2Fwp%2Fv2%2Fproduct_tag&post=16050"}],"curies":[{"name":"wp","href":"https:\/\/api.w.org\/{rel}","templated":true}]}}