{"id":16057,"date":"2025-04-28T17:09:06","date_gmt":"2025-04-28T15:09:06","guid":{"rendered":"https:\/\/ghelgheli.com\/?post_type=product&#038;p=16057"},"modified":"2025-11-11T23:09:06","modified_gmt":"2025-11-11T22:09:06","slug":"16057","status":"publish","type":"product","link":"https:\/\/ghelgheli.com\/?product=16057","title":{"rendered":"Rubin-Zoisit Armband | Nat\u00fcrliche Kraft und Sch\u00f6nheit"},"content":{"rendered":"<h4>Armband aus nat\u00fcrlichem, poliertem Rubin in Zoisit<\/h4>\n<h4>Dieses Armband besteht aus nat\u00fcrlichen, polierten Rubinen in Zoisit. Die Hauptfarbe ist das lebendige Gr\u00fcn des Zoisits, akzentuiert durch tiefrote Rubineinschl\u00fcsse. An einigen Stellen kann durch die nat\u00fcrliche Vermischung der Mineralien und Lichteinfl\u00fcsse ein leichter violetter oder purpurner Farbton erscheinen. Jede Perle ist sorgf\u00e4ltig poliert, um eine glatte und gl\u00e4nzende Oberfl\u00e4che zu schaffen, die die nat\u00fcrliche Sch\u00f6nheit des Steins betont. Das Armband ist elastisch gestaltet und passt sich bequem verschiedenen Handgelenksgr\u00f6\u00dfen an. Rubin in Zoisit ist bekannt f\u00fcr seine kraftvolle Energie, die Selbstvertrauen, emotionales Gleichgewicht, Liebe und innere St\u00e4rke f\u00f6rdert. Dieses Armband ist die perfekte Wahl f\u00fcr alle, die nat\u00fcrliche Sch\u00f6nheit und positive Energie sch\u00e4tzen.<\/h4>\n","protected":false},"excerpt":{"rendered":"<p>Armband aus nat\u00fcrlichem, poliertem Rubin in Zoisit Dieses Armband besteht aus nat\u00fcrlichen, polierten Rubinen in Zoisit. Die Hauptfarbe ist das<\/p>\n","protected":false},"featured_media":16076,"comment_status":"open","ping_status":"closed","template":"","meta":[],"product_cat":[20,76],"product_tag":[78],"class_list":{"0":"post-16057","1":"product","2":"type-product","3":"status-publish","4":"has-post-thumbnail","6":"product_cat-accessories","7":"product_cat-stone","8":"product_tag-soldout","10":"first","11":"instock","12":"shipping-taxable","13":"purchasable","14":"product-type-simple"},"_links":{"self":[{"href":"https:\/\/ghelgheli.com\/index.php?rest_route=\/wp\/v2\/product\/16057","targetHints":{"allow":["GET"]}}],"collection":[{"href":"https:\/\/ghelgheli.com\/index.php?rest_route=\/wp\/v2\/product"}],"about":[{"href":"https:\/\/ghelgheli.com\/index.php?rest_route=\/wp\/v2\/types\/product"}],"replies":[{"embeddable":true,"href":"https:\/\/ghelgheli.com\/index.php?rest_route=%2Fwp%2Fv2%2Fcomments&post=16057"}],"version-history":[{"count":2,"href":"https:\/\/ghelgheli.com\/index.php?rest_route=\/wp\/v2\/product\/16057\/revisions"}],"predecessor-version":[{"id":16077,"href":"https:\/\/ghelgheli.com\/index.php?rest_route=\/wp\/v2\/product\/16057\/revisions\/16077"}],"wp:featuredmedia":[{"embeddable":true,"href":"https:\/\/ghelgheli.com\/index.php?rest_route=\/wp\/v2\/media\/16076"}],"wp:attachment":[{"href":"https:\/\/ghelgheli.com\/index.php?rest_route=%2Fwp%2Fv2%2Fmedia&parent=16057"}],"wp:term":[{"taxonomy":"product_cat","embeddable":true,"href":"https:\/\/ghelgheli.com\/index.php?rest_route=%2Fwp%2Fv2%2Fproduct_cat&post=16057"},{"taxonomy":"product_tag","embeddable":true,"href":"https:\/\/ghelgheli.com\/index.php?rest_route=%2Fwp%2Fv2%2Fproduct_tag&post=16057"}],"curies":[{"name":"wp","href":"https:\/\/api.w.org\/{rel}","templated":true}]}}