{"id":16061,"date":"2025-04-28T00:53:49","date_gmt":"2025-04-27T22:53:49","guid":{"rendered":"https:\/\/ghelgheli.com\/?post_type=product&#038;p=16061"},"modified":"2025-11-11T23:11:00","modified_gmt":"2025-11-11T22:11:00","slug":"16061","status":"publish","type":"product","link":"https:\/\/ghelgheli.com\/?product=16061","title":{"rendered":"Amethystzauber \u2013 Elastisches Armband"},"content":{"rendered":"<h4>Elastisches Armband aus nat\u00fcrlichem Amethyststein<\/h4>\n<h4>Dieses wundersch\u00f6ne Armband besteht aus facettierten nat\u00fcrlichen Amethyststeinen und ist mit einem elastischen Band gefertigt, das ein einfaches und bequemes Tragen erm\u00f6glicht. Amethyst, bekannt f\u00fcr seine einzigartige violette Farbe, symbolisiert geistige Ruhe, emotionale Ausgeglichenheit und innere St\u00e4rke und wird seit Jahrhunderten als Schutzstein gegen Stress und negative Energien gesch\u00e4tzt.<\/h4>\n","protected":false},"excerpt":{"rendered":"<p>Elastisches Armband aus nat\u00fcrlichem Amethyststein Dieses wundersch\u00f6ne Armband besteht aus facettierten nat\u00fcrlichen Amethyststeinen und ist mit einem elastischen Band gefertigt,<\/p>\n","protected":false},"featured_media":16058,"comment_status":"open","ping_status":"closed","template":"","meta":[],"product_cat":[76],"product_tag":[78],"class_list":{"0":"post-16061","1":"product","2":"type-product","3":"status-publish","4":"has-post-thumbnail","6":"product_cat-stone","7":"product_tag-soldout","9":"first","10":"instock","11":"shipping-taxable","12":"purchasable","13":"product-type-simple"},"_links":{"self":[{"href":"https:\/\/ghelgheli.com\/index.php?rest_route=\/wp\/v2\/product\/16061","targetHints":{"allow":["GET"]}}],"collection":[{"href":"https:\/\/ghelgheli.com\/index.php?rest_route=\/wp\/v2\/product"}],"about":[{"href":"https:\/\/ghelgheli.com\/index.php?rest_route=\/wp\/v2\/types\/product"}],"replies":[{"embeddable":true,"href":"https:\/\/ghelgheli.com\/index.php?rest_route=%2Fwp%2Fv2%2Fcomments&post=16061"}],"version-history":[{"count":2,"href":"https:\/\/ghelgheli.com\/index.php?rest_route=\/wp\/v2\/product\/16061\/revisions"}],"predecessor-version":[{"id":16063,"href":"https:\/\/ghelgheli.com\/index.php?rest_route=\/wp\/v2\/product\/16061\/revisions\/16063"}],"wp:featuredmedia":[{"embeddable":true,"href":"https:\/\/ghelgheli.com\/index.php?rest_route=\/wp\/v2\/media\/16058"}],"wp:attachment":[{"href":"https:\/\/ghelgheli.com\/index.php?rest_route=%2Fwp%2Fv2%2Fmedia&parent=16061"}],"wp:term":[{"taxonomy":"product_cat","embeddable":true,"href":"https:\/\/ghelgheli.com\/index.php?rest_route=%2Fwp%2Fv2%2Fproduct_cat&post=16061"},{"taxonomy":"product_tag","embeddable":true,"href":"https:\/\/ghelgheli.com\/index.php?rest_route=%2Fwp%2Fv2%2Fproduct_tag&post=16061"}],"curies":[{"name":"wp","href":"https:\/\/api.w.org\/{rel}","templated":true}]}}