{"id":16064,"date":"2025-04-28T01:04:37","date_gmt":"2025-04-27T23:04:37","guid":{"rendered":"https:\/\/ghelgheli.com\/?post_type=product&#038;p=16064"},"modified":"2025-11-11T23:10:21","modified_gmt":"2025-11-11T22:10:21","slug":"16064","status":"publish","type":"product","link":"https:\/\/ghelgheli.com\/?product=16064","title":{"rendered":"Blue Gold Dream \u2013 Lapis Bracelet"},"content":{"rendered":"<h4>Elastisches Armband aus nat\u00fcrlichem Lapislazuli-Stein<\/h4>\n<h4>Dieses wundersch\u00f6ne Armband besteht aus facettierten nat\u00fcrlichen Lapislazuli-Steinen und ist mit einem elastischen Band gefertigt, das ein einfaches und bequemes Tragen erm\u00f6glicht. Lapislazuli, mit seiner tiefblauen Farbe und goldenen Einsprenkelungen, symbolisiert Wahrheit, Weisheit, geistige Ruhe und Inspiration. Seit der Antike wird er gesch\u00e4tzt, um Intuition zu st\u00e4rken, Schutz zu bieten und spirituelle Verbindungen zu vertiefen.<\/h4>\n<h4>Die Verbindung der nat\u00fcrlichen Sch\u00f6nheit des Lapislazuli mit dem Komfort eines elastischen Designs macht dieses Armband zur perfekten Wahl f\u00fcr alle, die positive Energie, innere St\u00e4rke und stilvolle Eleganz suchen.<\/h4>\n","protected":false},"excerpt":{"rendered":"<p>Elastisches Armband aus nat\u00fcrlichem Lapislazuli-Stein Dieses wundersch\u00f6ne Armband besteht aus facettierten nat\u00fcrlichen Lapislazuli-Steinen und ist mit einem elastischen Band gefertigt,<\/p>\n","protected":false},"featured_media":16067,"comment_status":"open","ping_status":"closed","template":"","meta":[],"product_cat":[76],"product_tag":[78],"class_list":{"0":"post-16064","1":"product","2":"type-product","3":"status-publish","4":"has-post-thumbnail","6":"product_cat-stone","7":"product_tag-soldout","9":"first","10":"instock","11":"shipping-taxable","12":"purchasable","13":"product-type-simple"},"_links":{"self":[{"href":"https:\/\/ghelgheli.com\/index.php?rest_route=\/wp\/v2\/product\/16064","targetHints":{"allow":["GET"]}}],"collection":[{"href":"https:\/\/ghelgheli.com\/index.php?rest_route=\/wp\/v2\/product"}],"about":[{"href":"https:\/\/ghelgheli.com\/index.php?rest_route=\/wp\/v2\/types\/product"}],"replies":[{"embeddable":true,"href":"https:\/\/ghelgheli.com\/index.php?rest_route=%2Fwp%2Fv2%2Fcomments&post=16064"}],"version-history":[{"count":2,"href":"https:\/\/ghelgheli.com\/index.php?rest_route=\/wp\/v2\/product\/16064\/revisions"}],"predecessor-version":[{"id":16070,"href":"https:\/\/ghelgheli.com\/index.php?rest_route=\/wp\/v2\/product\/16064\/revisions\/16070"}],"wp:featuredmedia":[{"embeddable":true,"href":"https:\/\/ghelgheli.com\/index.php?rest_route=\/wp\/v2\/media\/16067"}],"wp:attachment":[{"href":"https:\/\/ghelgheli.com\/index.php?rest_route=%2Fwp%2Fv2%2Fmedia&parent=16064"}],"wp:term":[{"taxonomy":"product_cat","embeddable":true,"href":"https:\/\/ghelgheli.com\/index.php?rest_route=%2Fwp%2Fv2%2Fproduct_cat&post=16064"},{"taxonomy":"product_tag","embeddable":true,"href":"https:\/\/ghelgheli.com\/index.php?rest_route=%2Fwp%2Fv2%2Fproduct_tag&post=16064"}],"curies":[{"name":"wp","href":"https:\/\/api.w.org\/{rel}","templated":true}]}}