{"id":16087,"date":"2025-04-28T17:39:58","date_gmt":"2025-04-28T15:39:58","guid":{"rendered":"https:\/\/ghelgheli.com\/?post_type=product&#038;p=16087"},"modified":"2025-11-08T22:01:28","modified_gmt":"2025-11-08T21:01:28","slug":"naturliches-moosachat-armband","status":"publish","type":"product","link":"https:\/\/ghelgheli.com\/?product=naturliches-moosachat-armband","title":{"rendered":"Nat\u00fcrliches Moosachat-Armband"},"content":{"rendered":"<h4>Nat\u00fcrliches Moosachat-Armband<\/h4>\n<h4>Dieses Armband besteht aus nat\u00fcrlichen Moosachatsteinen und zeigt eine harmonische Mischung aus Gr\u00fcn-, Braun-, Wei\u00df- und Erdt\u00f6nen mit nat\u00fcrlichen Mustern, die an Zweige oder Moos erinnern. Moosachat gilt als Stein des Wachstums und der Erneuerung und soll die Verbindung zur Natur st\u00e4rken, emotionale Ausgeglichenheit f\u00f6rdern, Mut schenken, Stress abbauen und pers\u00f6nlichen Erfolg unterst\u00fctzen. Durch sein leichtes, schlichtes Design mit einem Metallverschluss ist dieses Armband die ideale Wahl f\u00fcr alle, die positive Erdenergie anziehen und innere Ruhe in ihr Leben bringen m\u00f6chten.<\/h4>\n","protected":false},"excerpt":{"rendered":"<p>Nat\u00fcrliches Moosachat-Armband Dieses Armband besteht aus nat\u00fcrlichen Moosachatsteinen und zeigt eine harmonische Mischung aus Gr\u00fcn-, Braun-, Wei\u00df- und Erdt\u00f6nen mit<\/p>\n","protected":false},"featured_media":16079,"comment_status":"open","ping_status":"closed","template":"","meta":[],"product_cat":[20,76],"product_tag":[],"class_list":{"0":"post-16087","1":"product","2":"type-product","3":"status-publish","4":"has-post-thumbnail","6":"product_cat-accessories","7":"product_cat-stone","9":"first","10":"instock","11":"shipping-taxable","12":"purchasable","13":"product-type-simple"},"_links":{"self":[{"href":"https:\/\/ghelgheli.com\/index.php?rest_route=\/wp\/v2\/product\/16087","targetHints":{"allow":["GET"]}}],"collection":[{"href":"https:\/\/ghelgheli.com\/index.php?rest_route=\/wp\/v2\/product"}],"about":[{"href":"https:\/\/ghelgheli.com\/index.php?rest_route=\/wp\/v2\/types\/product"}],"replies":[{"embeddable":true,"href":"https:\/\/ghelgheli.com\/index.php?rest_route=%2Fwp%2Fv2%2Fcomments&post=16087"}],"version-history":[{"count":1,"href":"https:\/\/ghelgheli.com\/index.php?rest_route=\/wp\/v2\/product\/16087\/revisions"}],"predecessor-version":[{"id":16088,"href":"https:\/\/ghelgheli.com\/index.php?rest_route=\/wp\/v2\/product\/16087\/revisions\/16088"}],"wp:featuredmedia":[{"embeddable":true,"href":"https:\/\/ghelgheli.com\/index.php?rest_route=\/wp\/v2\/media\/16079"}],"wp:attachment":[{"href":"https:\/\/ghelgheli.com\/index.php?rest_route=%2Fwp%2Fv2%2Fmedia&parent=16087"}],"wp:term":[{"taxonomy":"product_cat","embeddable":true,"href":"https:\/\/ghelgheli.com\/index.php?rest_route=%2Fwp%2Fv2%2Fproduct_cat&post=16087"},{"taxonomy":"product_tag","embeddable":true,"href":"https:\/\/ghelgheli.com\/index.php?rest_route=%2Fwp%2Fv2%2Fproduct_tag&post=16087"}],"curies":[{"name":"wp","href":"https:\/\/api.w.org\/{rel}","templated":true}]}}