{"id":300,"date":"2021-08-26T16:17:37","date_gmt":"2021-08-26T16:17:37","guid":{"rendered":"http:\/\/dummy.xtemos.com\/woodmart2\/elementor\/?post_type=product&#038;p=300"},"modified":"2026-02-02T22:19:29","modified_gmt":"2026-02-02T21:19:29","slug":"wooden-single-drawer","status":"publish","type":"product","link":"https:\/\/ghelgheli.com\/?product=wooden-single-drawer","title":{"rendered":"A bracelet combining genuine leather and Tiger\u2019s Eye stone"},"content":{"rendered":"\t\t<div data-elementor-type=\"wp-post\" data-elementor-id=\"300\" class=\"elementor elementor-300\">\n\t\t\t\t<div class=\"wd-negative-gap elementor-element elementor-element-77efb82 e-flex e-con-boxed e-con e-parent\" data-id=\"77efb82\" data-element_type=\"container\">\n\t\t\t\t\t<div class=\"e-con-inner\">\n\t\t\t\t<div class=\"elementor-element elementor-element-f0ec461 elementor-widget__width-initial elementor-widget elementor-widget-wd_text_block\" data-id=\"f0ec461\" data-element_type=\"widget\" data-widget_type=\"wd_text_block.default\">\n\t\t\t\t<div class=\"elementor-widget-container\">\n\t\t\t\t\t\t<link rel=\"stylesheet\" id=\"wd-text-block-css\" href=\"https:\/\/ghelgheli.com\/wp-content\/themes\/woodmart\/css\/parts\/el-text-block.min.css?ver=7.5.2\" type=\"text\/css\" media=\"all\" \/> \t\t\t\t\t<div class=\"wd-text-block reset-last-child text-left\">\n\t\t\t\n\t\t\t<h3>IMPERDIET HIMENAEOS MATTIS<\/h3><p>A a at habitasse inceptos a quisque nibh ut arcu et dictum laoreet elit ante scelerisque libero consectetur erat non a suspendisse ad phasellus phasellus suspendisse gravida eu. Dapibus congue libero sem at dis a a adipiscing parturient eros diam parturient sodales consectetur quis.<\/p><blockquote><p>Consequat blandit a ullamcorper vestibulum feugiat eu a parturient ante at facilisi suscipit quis gravida tempor fringilla etiam dolor id suspendisse adipiscing natoque scelerisque es vivamus sed massa.<\/p><\/blockquote><p>A sodales hac dolor parturient tincidunt dictumst a condimentum nunc auctor parturient a nibh dis a vestibulum arcu a a. Urna rhoncus eleifend parturient condimentum et vulputate nunc.\u00a0Ut dolor condimentum hendrerit non mattis a commodo sociis mi nec rutrum parturient litora.<\/p>\n\t\t\t\t\t<\/div>\n\t\t\t\t<\/div>\n\t\t\t\t<\/div>\n\t\t\t\t<div class=\"elementor-element elementor-element-6944a65 elementor-widget__width-initial elementor-widget elementor-widget-wd_image_or_svg\" data-id=\"6944a65\" data-element_type=\"widget\" data-widget_type=\"wd_image_or_svg.default\">\n\t\t\t\t<div class=\"elementor-widget-container\">\n\t\t\t\n\t\t<div class=\"wd-image text-left\">\n\t\t\t\t\t\t\t\t<img fetchpriority=\"high\" decoding=\"async\" width=\"750\" height=\"373\" src=\"https:\/\/ghelgheli.com\/wp-content\/uploads\/2021\/08\/wooden-single-drawer-2-1.jpg\" class=\"attachment-full size-full\" alt=\"\" srcset=\"https:\/\/ghelgheli.com\/wp-content\/uploads\/2021\/08\/wooden-single-drawer-2-1.jpg 750w, https:\/\/ghelgheli.com\/wp-content\/uploads\/2021\/08\/wooden-single-drawer-2-1-430x214.jpg 430w, https:\/\/ghelgheli.com\/wp-content\/uploads\/2021\/08\/wooden-single-drawer-2-1-150x75.jpg 150w, https:\/\/ghelgheli.com\/wp-content\/uploads\/2021\/08\/wooden-single-drawer-2-1-700x348.jpg 700w\" sizes=\"(max-width: 750px) 100vw, 750px\" \/>\t\t\t\t\t<\/div>\n\n\t\t\t\t<\/div>\n\t\t\t\t<\/div>\n\t\t\t\t\t<\/div>\n\t\t\t\t<\/div>\n\t\t\t\t<\/div>\n\t\t","protected":false},"excerpt":{"rendered":"<h4>Armband aus echtem Leder mit Tigerauge-Stein<\/h4>\n<h4>Dieses besondere Armband besteht aus echtem Leder mit Krokodilpr\u00e4gung und ist mit Tigerauge-Steinen verziert. Tigerauge gilt als Symbol f\u00fcr St\u00e4rke, Mut, Selbstvertrauen und Schutz und strahlt einen warmen, goldenen Glanz aus. Es soll positive Energie f\u00f6rdern, die Willenskraft st\u00e4rken und die Konzentration verbessern. Die eindrucksvolle Kombination aus nat\u00fcrlichem Leder und Tigerauge macht dieses Armband zur perfekten Wahl f\u00fcr alle, die Sch\u00f6nheit mit Bedeutung und positiver Energie suchen.<\/h4>\n","protected":false},"featured_media":15660,"comment_status":"open","ping_status":"closed","template":"","meta":[],"product_cat":[20,75,76],"product_tag":[],"class_list":{"0":"post-300","1":"product","2":"type-product","3":"status-publish","4":"has-post-thumbnail","6":"product_cat-accessories","7":"product_cat-leather","8":"product_cat-stone","10":"first","11":"instock","12":"shipping-taxable","13":"purchasable","14":"product-type-simple"},"_links":{"self":[{"href":"https:\/\/ghelgheli.com\/index.php?rest_route=\/wp\/v2\/product\/300","targetHints":{"allow":["GET"]}}],"collection":[{"href":"https:\/\/ghelgheli.com\/index.php?rest_route=\/wp\/v2\/product"}],"about":[{"href":"https:\/\/ghelgheli.com\/index.php?rest_route=\/wp\/v2\/types\/product"}],"replies":[{"embeddable":true,"href":"https:\/\/ghelgheli.com\/index.php?rest_route=%2Fwp%2Fv2%2Fcomments&post=300"}],"version-history":[{"count":3,"href":"https:\/\/ghelgheli.com\/index.php?rest_route=\/wp\/v2\/product\/300\/revisions"}],"predecessor-version":[{"id":16041,"href":"https:\/\/ghelgheli.com\/index.php?rest_route=\/wp\/v2\/product\/300\/revisions\/16041"}],"wp:featuredmedia":[{"embeddable":true,"href":"https:\/\/ghelgheli.com\/index.php?rest_route=\/wp\/v2\/media\/15660"}],"wp:attachment":[{"href":"https:\/\/ghelgheli.com\/index.php?rest_route=%2Fwp%2Fv2%2Fmedia&parent=300"}],"wp:term":[{"taxonomy":"product_cat","embeddable":true,"href":"https:\/\/ghelgheli.com\/index.php?rest_route=%2Fwp%2Fv2%2Fproduct_cat&post=300"},{"taxonomy":"product_tag","embeddable":true,"href":"https:\/\/ghelgheli.com\/index.php?rest_route=%2Fwp%2Fv2%2Fproduct_tag&post=300"}],"curies":[{"name":"wp","href":"https:\/\/api.w.org\/{rel}","templated":true}]}}